{"id":14,"date":"2023-02-02T10:44:21","date_gmt":"2023-02-02T15:44:21","guid":{"rendered":"https:\/\/cssst.activ.is\/bernard-gariepy\/ecole\/inscription-et-programmes\/cours-dete\/"},"modified":"2024-03-15T11:25:48","modified_gmt":"2024-03-15T15:25:48","slug":"cours-dete","status":"publish","type":"page","link":"https:\/\/cssst.activ.is\/bernard-gariepy\/ecole\/inscription-et-programmes\/cours-dete\/","title":{"rendered":"Cours d&rsquo;\u00e9t\u00e9"},"content":{"rendered":"\n<p class=\"has-text-align-center\"><strong>\u00c0 VENIR<\/strong><\/p>\n","protected":false},"excerpt":{"rendered":"<p>\u00c0 VENIR<\/p>\n","protected":false},"author":1,"featured_media":0,"parent":12,"menu_order":0,"comment_status":"closed","ping_status":"closed","template":"","meta":{"_acf_changed":false,"inline_featured_image":false,"footnotes":""},"class_list":["post-14","page","type-page","status-publish","hentry"],"acf":[],"yoast_head":"<!-- This site is optimized with the Yoast SEO plugin v26.8 - https:\/\/yoast.com\/product\/yoast-seo-wordpress\/ -->\n<title>Cours d&#039;\u00e9t\u00e9 - \u00c9cole Secondaire Bernard-Gari\u00e9py<\/title>\n<meta name=\"robots\" content=\"index, follow, max-snippet:-1, max-image-preview:large, max-video-preview:-1\" \/>\n<link rel=\"canonical\" href=\"https:\/\/cssst.activ.is\/bernard-gariepy\/ecole\/inscription-et-programmes\/cours-dete\/\" \/>\n<meta property=\"og:locale\" content=\"fr_CA\" \/>\n<meta property=\"og:type\" content=\"article\" \/>\n<meta property=\"og:title\" content=\"Cours d&#039;\u00e9t\u00e9 - \u00c9cole Secondaire Bernard-Gari\u00e9py\" \/>\n<meta property=\"og:description\" content=\"\u00c0 VENIR\" \/>\n<meta property=\"og:url\" content=\"https:\/\/cssst.activ.is\/bernard-gariepy\/ecole\/inscription-et-programmes\/cours-dete\/\" \/>\n<meta property=\"og:site_name\" content=\"\u00c9cole Secondaire Bernard-Gari\u00e9py\" \/>\n<meta property=\"article:publisher\" content=\"https:\/\/www.facebook.com\/profile.php?id=100057040016311&amp;locale=fr_CA\" \/>\n<meta property=\"article:modified_time\" content=\"2024-03-15T15:25:48+00:00\" \/>\n<meta name=\"twitter:card\" content=\"summary_large_image\" \/>\n<meta name=\"twitter:label1\" content=\"Estimation du temps de lecture\" \/>\n\t<meta name=\"twitter:data1\" content=\"1 minute\" \/>\n<script type=\"application\/ld+json\" class=\"yoast-schema-graph\">{\"@context\":\"https:\/\/schema.org\",\"@graph\":[{\"@type\":\"WebPage\",\"@id\":\"https:\/\/cssst.activ.is\/bernard-gariepy\/ecole\/inscription-et-programmes\/cours-dete\/\",\"url\":\"https:\/\/cssst.activ.is\/bernard-gariepy\/ecole\/inscription-et-programmes\/cours-dete\/\",\"name\":\"Cours d'\u00e9t\u00e9 - \u00c9cole Secondaire Bernard-Gari\u00e9py\",\"isPartOf\":{\"@id\":\"https:\/\/cssst.activ.is\/bernard-gariepy\/#website\"},\"datePublished\":\"2023-02-02T15:44:21+00:00\",\"dateModified\":\"2024-03-15T15:25:48+00:00\",\"breadcrumb\":{\"@id\":\"https:\/\/cssst.activ.is\/bernard-gariepy\/ecole\/inscription-et-programmes\/cours-dete\/#breadcrumb\"},\"inLanguage\":\"fr-CA\",\"potentialAction\":[{\"@type\":\"ReadAction\",\"target\":[\"https:\/\/cssst.activ.is\/bernard-gariepy\/ecole\/inscription-et-programmes\/cours-dete\/\"]}]},{\"@type\":\"BreadcrumbList\",\"@id\":\"https:\/\/cssst.activ.is\/bernard-gariepy\/ecole\/inscription-et-programmes\/cours-dete\/#breadcrumb\",\"itemListElement\":[{\"@type\":\"ListItem\",\"position\":1,\"name\":\"Accueil\",\"item\":\"https:\/\/cssst.activ.is\/bernard-gariepy\/\"},{\"@type\":\"ListItem\",\"position\":2,\"name\":\"\u00c9cole\",\"item\":\"https:\/\/cssst.activ.is\/bernard-gariepy\/ecole\/\"},{\"@type\":\"ListItem\",\"position\":3,\"name\":\"Inscription et programmes\",\"item\":\"https:\/\/cssst.activ.is\/bernard-gariepy\/ecole\/inscription-et-programmes\/\"},{\"@type\":\"ListItem\",\"position\":4,\"name\":\"Cours d&rsquo;\u00e9t\u00e9\"}]},{\"@type\":\"WebSite\",\"@id\":\"https:\/\/cssst.activ.is\/bernard-gariepy\/#website\",\"url\":\"https:\/\/cssst.activ.is\/bernard-gariepy\/\",\"name\":\"\u00c9cole Secondaire Bernard-Gari\u00e9py\",\"description\":\"\",\"potentialAction\":[{\"@type\":\"SearchAction\",\"target\":{\"@type\":\"EntryPoint\",\"urlTemplate\":\"https:\/\/cssst.activ.is\/bernard-gariepy\/?s={search_term_string}\"},\"query-input\":{\"@type\":\"PropertyValueSpecification\",\"valueRequired\":true,\"valueName\":\"search_term_string\"}}],\"inLanguage\":\"fr-CA\"}]}<\/script>\n<!-- \/ Yoast SEO plugin. -->","yoast_head_json":{"title":"Cours d'\u00e9t\u00e9 - \u00c9cole Secondaire Bernard-Gari\u00e9py","robots":{"index":"index","follow":"follow","max-snippet":"max-snippet:-1","max-image-preview":"max-image-preview:large","max-video-preview":"max-video-preview:-1"},"canonical":"https:\/\/cssst.activ.is\/bernard-gariepy\/ecole\/inscription-et-programmes\/cours-dete\/","og_locale":"fr_CA","og_type":"article","og_title":"Cours d'\u00e9t\u00e9 - \u00c9cole Secondaire Bernard-Gari\u00e9py","og_description":"\u00c0 VENIR","og_url":"https:\/\/cssst.activ.is\/bernard-gariepy\/ecole\/inscription-et-programmes\/cours-dete\/","og_site_name":"\u00c9cole Secondaire Bernard-Gari\u00e9py","article_publisher":"https:\/\/www.facebook.com\/profile.php?id=100057040016311&locale=fr_CA","article_modified_time":"2024-03-15T15:25:48+00:00","twitter_card":"summary_large_image","twitter_misc":{"Estimation du temps de lecture":"1 minute"},"schema":{"@context":"https:\/\/schema.org","@graph":[{"@type":"WebPage","@id":"https:\/\/cssst.activ.is\/bernard-gariepy\/ecole\/inscription-et-programmes\/cours-dete\/","url":"https:\/\/cssst.activ.is\/bernard-gariepy\/ecole\/inscription-et-programmes\/cours-dete\/","name":"Cours d'\u00e9t\u00e9 - \u00c9cole Secondaire Bernard-Gari\u00e9py","isPartOf":{"@id":"https:\/\/cssst.activ.is\/bernard-gariepy\/#website"},"datePublished":"2023-02-02T15:44:21+00:00","dateModified":"2024-03-15T15:25:48+00:00","breadcrumb":{"@id":"https:\/\/cssst.activ.is\/bernard-gariepy\/ecole\/inscription-et-programmes\/cours-dete\/#breadcrumb"},"inLanguage":"fr-CA","potentialAction":[{"@type":"ReadAction","target":["https:\/\/cssst.activ.is\/bernard-gariepy\/ecole\/inscription-et-programmes\/cours-dete\/"]}]},{"@type":"BreadcrumbList","@id":"https:\/\/cssst.activ.is\/bernard-gariepy\/ecole\/inscription-et-programmes\/cours-dete\/#breadcrumb","itemListElement":[{"@type":"ListItem","position":1,"name":"Accueil","item":"https:\/\/cssst.activ.is\/bernard-gariepy\/"},{"@type":"ListItem","position":2,"name":"\u00c9cole","item":"https:\/\/cssst.activ.is\/bernard-gariepy\/ecole\/"},{"@type":"ListItem","position":3,"name":"Inscription et programmes","item":"https:\/\/cssst.activ.is\/bernard-gariepy\/ecole\/inscription-et-programmes\/"},{"@type":"ListItem","position":4,"name":"Cours d&rsquo;\u00e9t\u00e9"}]},{"@type":"WebSite","@id":"https:\/\/cssst.activ.is\/bernard-gariepy\/#website","url":"https:\/\/cssst.activ.is\/bernard-gariepy\/","name":"\u00c9cole Secondaire Bernard-Gari\u00e9py","description":"","potentialAction":[{"@type":"SearchAction","target":{"@type":"EntryPoint","urlTemplate":"https:\/\/cssst.activ.is\/bernard-gariepy\/?s={search_term_string}"},"query-input":{"@type":"PropertyValueSpecification","valueRequired":true,"valueName":"search_term_string"}}],"inLanguage":"fr-CA"}]}},"_links":{"self":[{"href":"https:\/\/cssst.activ.is\/bernard-gariepy\/wp-json\/wp\/v2\/pages\/14","targetHints":{"allow":["GET"]}}],"collection":[{"href":"https:\/\/cssst.activ.is\/bernard-gariepy\/wp-json\/wp\/v2\/pages"}],"about":[{"href":"https:\/\/cssst.activ.is\/bernard-gariepy\/wp-json\/wp\/v2\/types\/page"}],"author":[{"embeddable":true,"href":"https:\/\/cssst.activ.is\/bernard-gariepy\/wp-json\/wp\/v2\/users\/1"}],"replies":[{"embeddable":true,"href":"https:\/\/cssst.activ.is\/bernard-gariepy\/wp-json\/wp\/v2\/comments?post=14"}],"version-history":[{"count":3,"href":"https:\/\/cssst.activ.is\/bernard-gariepy\/wp-json\/wp\/v2\/pages\/14\/revisions"}],"predecessor-version":[{"id":196,"href":"https:\/\/cssst.activ.is\/bernard-gariepy\/wp-json\/wp\/v2\/pages\/14\/revisions\/196"}],"up":[{"embeddable":true,"href":"https:\/\/cssst.activ.is\/bernard-gariepy\/wp-json\/wp\/v2\/pages\/12"}],"wp:attachment":[{"href":"https:\/\/cssst.activ.is\/bernard-gariepy\/wp-json\/wp\/v2\/media?parent=14"}],"curies":[{"name":"wp","href":"https:\/\/api.w.org\/{rel}","templated":true}]}}