{"id":15,"date":"2023-02-02T10:44:21","date_gmt":"2023-02-02T15:44:21","guid":{"rendered":"https:\/\/cssst.activ.is\/bernard-gariepy\/ecole\/intimidation-et-violence\/"},"modified":"2024-10-17T11:39:29","modified_gmt":"2024-10-17T15:39:29","slug":"intimidation-et-violence","status":"publish","type":"page","link":"https:\/\/cssst.activ.is\/bernard-gariepy\/ecole\/intimidation-et-violence\/","title":{"rendered":"Intimidation et violence"},"content":{"rendered":"\n<p><strong>INTERVENANTS DISPONIBLES EN TOUT TEMPS \u00c0 LA CENTRALE<\/strong><\/p>\n\n\n\n<p>ADRESSE DE COURRIEL: &nbsp;&nbsp;&nbsp;&nbsp; intimidation-esbg@cs-soreltracy.qc.ca<\/p>\n\n\n\n<div data-wp-interactive=\"core\/file\" class=\"wp-block-file\"><object data-wp-bind--hidden=\"!state.hasPdfPreview\" hidden class=\"wp-block-file__embed\" data=\"https:\/\/cssst.activ.is\/bernard-gariepy\/wp-content\/uploads\/sites\/20\/2024\/10\/ESBG.Plan-de-lutte-2023-2024.octobre.pdf\" type=\"application\/pdf\" style=\"width:100%;height:600px\" aria-label=\"Contenu incorpor\u00e9 ESBG.Plan de lutte 2023-2024.octobre.\"><\/object><a id=\"wp-block-file--media-870f8a33-2c1c-47dc-99bd-60af568af4c0\" href=\"https:\/\/cssst.activ.is\/bernard-gariepy\/wp-content\/uploads\/sites\/20\/2024\/10\/ESBG.Plan-de-lutte-2023-2024.octobre.pdf\">ESBG.Plan de lutte 2023-2024.octobre<\/a><a href=\"https:\/\/cssst.activ.is\/bernard-gariepy\/wp-content\/uploads\/sites\/20\/2024\/10\/ESBG.Plan-de-lutte-2023-2024.octobre.pdf\" class=\"wp-block-file__button wp-element-button\" download aria-describedby=\"wp-block-file--media-870f8a33-2c1c-47dc-99bd-60af568af4c0\">T\u00e9l\u00e9charger<\/a><\/div>\n","protected":false},"excerpt":{"rendered":"<p>INTERVENANTS DISPONIBLES EN TOUT TEMPS \u00c0 LA CENTRALE ADRESSE DE COURRIEL: &nbsp;&nbsp;&nbsp;&nbsp; intimidation-esbg@cs-soreltracy.qc.ca<\/p>\n","protected":false},"author":1,"featured_media":0,"parent":5,"menu_order":0,"comment_status":"closed","ping_status":"closed","template":"","meta":{"_acf_changed":false,"inline_featured_image":false,"footnotes":""},"class_list":["post-15","page","type-page","status-publish","hentry"],"acf":[],"yoast_head":"<!-- This site is optimized with the Yoast SEO plugin v26.8 - https:\/\/yoast.com\/product\/yoast-seo-wordpress\/ -->\n<title>Intimidation et violence - \u00c9cole Secondaire Bernard-Gari\u00e9py<\/title>\n<meta name=\"robots\" content=\"index, follow, max-snippet:-1, max-image-preview:large, max-video-preview:-1\" \/>\n<link rel=\"canonical\" href=\"https:\/\/cssst.activ.is\/bernard-gariepy\/ecole\/intimidation-et-violence\/\" \/>\n<meta property=\"og:locale\" content=\"fr_CA\" \/>\n<meta property=\"og:type\" content=\"article\" \/>\n<meta property=\"og:title\" content=\"Intimidation et violence - \u00c9cole Secondaire Bernard-Gari\u00e9py\" \/>\n<meta property=\"og:description\" content=\"INTERVENANTS DISPONIBLES EN TOUT TEMPS \u00c0 LA CENTRALE ADRESSE DE COURRIEL: &nbsp;&nbsp;&nbsp;&nbsp; intimidation-esbg@cs-soreltracy.qc.ca\" \/>\n<meta property=\"og:url\" content=\"https:\/\/cssst.activ.is\/bernard-gariepy\/ecole\/intimidation-et-violence\/\" \/>\n<meta property=\"og:site_name\" content=\"\u00c9cole Secondaire Bernard-Gari\u00e9py\" \/>\n<meta property=\"article:publisher\" content=\"https:\/\/www.facebook.com\/profile.php?id=100057040016311&amp;locale=fr_CA\" \/>\n<meta property=\"article:modified_time\" content=\"2024-10-17T15:39:29+00:00\" \/>\n<meta name=\"twitter:card\" content=\"summary_large_image\" \/>\n<meta name=\"twitter:label1\" content=\"Estimation du temps de lecture\" \/>\n\t<meta name=\"twitter:data1\" content=\"1 minute\" \/>\n<script type=\"application\/ld+json\" class=\"yoast-schema-graph\">{\"@context\":\"https:\/\/schema.org\",\"@graph\":[{\"@type\":\"WebPage\",\"@id\":\"https:\/\/cssst.activ.is\/bernard-gariepy\/ecole\/intimidation-et-violence\/\",\"url\":\"https:\/\/cssst.activ.is\/bernard-gariepy\/ecole\/intimidation-et-violence\/\",\"name\":\"Intimidation et violence - \u00c9cole Secondaire Bernard-Gari\u00e9py\",\"isPartOf\":{\"@id\":\"https:\/\/cssst.activ.is\/bernard-gariepy\/#website\"},\"datePublished\":\"2023-02-02T15:44:21+00:00\",\"dateModified\":\"2024-10-17T15:39:29+00:00\",\"breadcrumb\":{\"@id\":\"https:\/\/cssst.activ.is\/bernard-gariepy\/ecole\/intimidation-et-violence\/#breadcrumb\"},\"inLanguage\":\"fr-CA\",\"potentialAction\":[{\"@type\":\"ReadAction\",\"target\":[\"https:\/\/cssst.activ.is\/bernard-gariepy\/ecole\/intimidation-et-violence\/\"]}]},{\"@type\":\"BreadcrumbList\",\"@id\":\"https:\/\/cssst.activ.is\/bernard-gariepy\/ecole\/intimidation-et-violence\/#breadcrumb\",\"itemListElement\":[{\"@type\":\"ListItem\",\"position\":1,\"name\":\"Accueil\",\"item\":\"https:\/\/cssst.activ.is\/bernard-gariepy\/\"},{\"@type\":\"ListItem\",\"position\":2,\"name\":\"\u00c9cole\",\"item\":\"https:\/\/cssst.activ.is\/bernard-gariepy\/ecole\/\"},{\"@type\":\"ListItem\",\"position\":3,\"name\":\"Intimidation et violence\"}]},{\"@type\":\"WebSite\",\"@id\":\"https:\/\/cssst.activ.is\/bernard-gariepy\/#website\",\"url\":\"https:\/\/cssst.activ.is\/bernard-gariepy\/\",\"name\":\"\u00c9cole Secondaire Bernard-Gari\u00e9py\",\"description\":\"\",\"potentialAction\":[{\"@type\":\"SearchAction\",\"target\":{\"@type\":\"EntryPoint\",\"urlTemplate\":\"https:\/\/cssst.activ.is\/bernard-gariepy\/?s={search_term_string}\"},\"query-input\":{\"@type\":\"PropertyValueSpecification\",\"valueRequired\":true,\"valueName\":\"search_term_string\"}}],\"inLanguage\":\"fr-CA\"}]}<\/script>\n<!-- \/ Yoast SEO plugin. -->","yoast_head_json":{"title":"Intimidation et violence - \u00c9cole Secondaire Bernard-Gari\u00e9py","robots":{"index":"index","follow":"follow","max-snippet":"max-snippet:-1","max-image-preview":"max-image-preview:large","max-video-preview":"max-video-preview:-1"},"canonical":"https:\/\/cssst.activ.is\/bernard-gariepy\/ecole\/intimidation-et-violence\/","og_locale":"fr_CA","og_type":"article","og_title":"Intimidation et violence - \u00c9cole Secondaire Bernard-Gari\u00e9py","og_description":"INTERVENANTS DISPONIBLES EN TOUT TEMPS \u00c0 LA CENTRALE ADRESSE DE COURRIEL: &nbsp;&nbsp;&nbsp;&nbsp; intimidation-esbg@cs-soreltracy.qc.ca","og_url":"https:\/\/cssst.activ.is\/bernard-gariepy\/ecole\/intimidation-et-violence\/","og_site_name":"\u00c9cole Secondaire Bernard-Gari\u00e9py","article_publisher":"https:\/\/www.facebook.com\/profile.php?id=100057040016311&locale=fr_CA","article_modified_time":"2024-10-17T15:39:29+00:00","twitter_card":"summary_large_image","twitter_misc":{"Estimation du temps de lecture":"1 minute"},"schema":{"@context":"https:\/\/schema.org","@graph":[{"@type":"WebPage","@id":"https:\/\/cssst.activ.is\/bernard-gariepy\/ecole\/intimidation-et-violence\/","url":"https:\/\/cssst.activ.is\/bernard-gariepy\/ecole\/intimidation-et-violence\/","name":"Intimidation et violence - \u00c9cole Secondaire Bernard-Gari\u00e9py","isPartOf":{"@id":"https:\/\/cssst.activ.is\/bernard-gariepy\/#website"},"datePublished":"2023-02-02T15:44:21+00:00","dateModified":"2024-10-17T15:39:29+00:00","breadcrumb":{"@id":"https:\/\/cssst.activ.is\/bernard-gariepy\/ecole\/intimidation-et-violence\/#breadcrumb"},"inLanguage":"fr-CA","potentialAction":[{"@type":"ReadAction","target":["https:\/\/cssst.activ.is\/bernard-gariepy\/ecole\/intimidation-et-violence\/"]}]},{"@type":"BreadcrumbList","@id":"https:\/\/cssst.activ.is\/bernard-gariepy\/ecole\/intimidation-et-violence\/#breadcrumb","itemListElement":[{"@type":"ListItem","position":1,"name":"Accueil","item":"https:\/\/cssst.activ.is\/bernard-gariepy\/"},{"@type":"ListItem","position":2,"name":"\u00c9cole","item":"https:\/\/cssst.activ.is\/bernard-gariepy\/ecole\/"},{"@type":"ListItem","position":3,"name":"Intimidation et violence"}]},{"@type":"WebSite","@id":"https:\/\/cssst.activ.is\/bernard-gariepy\/#website","url":"https:\/\/cssst.activ.is\/bernard-gariepy\/","name":"\u00c9cole Secondaire Bernard-Gari\u00e9py","description":"","potentialAction":[{"@type":"SearchAction","target":{"@type":"EntryPoint","urlTemplate":"https:\/\/cssst.activ.is\/bernard-gariepy\/?s={search_term_string}"},"query-input":{"@type":"PropertyValueSpecification","valueRequired":true,"valueName":"search_term_string"}}],"inLanguage":"fr-CA"}]}},"_links":{"self":[{"href":"https:\/\/cssst.activ.is\/bernard-gariepy\/wp-json\/wp\/v2\/pages\/15","targetHints":{"allow":["GET"]}}],"collection":[{"href":"https:\/\/cssst.activ.is\/bernard-gariepy\/wp-json\/wp\/v2\/pages"}],"about":[{"href":"https:\/\/cssst.activ.is\/bernard-gariepy\/wp-json\/wp\/v2\/types\/page"}],"author":[{"embeddable":true,"href":"https:\/\/cssst.activ.is\/bernard-gariepy\/wp-json\/wp\/v2\/users\/1"}],"replies":[{"embeddable":true,"href":"https:\/\/cssst.activ.is\/bernard-gariepy\/wp-json\/wp\/v2\/comments?post=15"}],"version-history":[{"count":4,"href":"https:\/\/cssst.activ.is\/bernard-gariepy\/wp-json\/wp\/v2\/pages\/15\/revisions"}],"predecessor-version":[{"id":331,"href":"https:\/\/cssst.activ.is\/bernard-gariepy\/wp-json\/wp\/v2\/pages\/15\/revisions\/331"}],"up":[{"embeddable":true,"href":"https:\/\/cssst.activ.is\/bernard-gariepy\/wp-json\/wp\/v2\/pages\/5"}],"wp:attachment":[{"href":"https:\/\/cssst.activ.is\/bernard-gariepy\/wp-json\/wp\/v2\/media?parent=15"}],"curies":[{"name":"wp","href":"https:\/\/api.w.org\/{rel}","templated":true}]}}