{"id":12,"date":"2023-02-02T09:37:07","date_gmt":"2023-02-02T14:37:07","guid":{"rendered":"https:\/\/cssst.activ.is\/maria-goretti\/ecole\/projet-educatif\/"},"modified":"2024-08-06T08:55:56","modified_gmt":"2024-08-06T12:55:56","slug":"projet-educatif","status":"publish","type":"page","link":"https:\/\/cssst.activ.is\/maria-goretti\/ecole\/projet-educatif\/","title":{"rendered":"Projet \u00e9ducatif"},"content":{"rendered":"\n<h2 class=\"wp-block-heading\">NOTRE projet \u00e9ducatif !<\/h2>\n\n\n\n<div data-wp-interactive=\"core\/file\" class=\"wp-block-file\"><object data-wp-bind--hidden=\"!state.hasPdfPreview\" hidden class=\"wp-block-file__embed\" data=\"https:\/\/cssst.activ.is\/maria-goretti\/wp-content\/uploads\/sites\/9\/2024\/08\/MGOR-Affiche-PE.pdf\" type=\"application\/pdf\" style=\"width:100%;height:600px\" aria-label=\"Contenu incorpor\u00e9 MGOR - Affiche P\u00c9.\"><\/object><a id=\"wp-block-file--media-e52556bb-7200-4f16-acb2-682c3d8d1d27\" href=\"https:\/\/cssst.activ.is\/maria-goretti\/wp-content\/uploads\/sites\/9\/2024\/08\/MGOR-Affiche-PE.pdf\">MGOR &#8211; Affiche P\u00c9<\/a><a href=\"https:\/\/cssst.activ.is\/maria-goretti\/wp-content\/uploads\/sites\/9\/2024\/08\/MGOR-Affiche-PE.pdf\" class=\"wp-block-file__button wp-element-button\" download aria-describedby=\"wp-block-file--media-e52556bb-7200-4f16-acb2-682c3d8d1d27\">T\u00e9l\u00e9charger<\/a><\/div>\n\n\n\n<div class=\"wp-block-group\">\n<figure class=\"wp-block-image size-large\"><img loading=\"lazy\" decoding=\"async\" width=\"1024\" height=\"1024\" src=\"https:\/\/cssst.activ.is\/maria-goretti\/wp-content\/uploads\/sites\/9\/2024\/08\/MGOR-Mission-1-1024x1024.png\" alt=\"\" class=\"wp-image-389\" srcset=\"https:\/\/cssst.activ.is\/maria-goretti\/wp-content\/uploads\/sites\/9\/2024\/08\/MGOR-Mission-1-1024x1024.png 1024w, https:\/\/cssst.activ.is\/maria-goretti\/wp-content\/uploads\/sites\/9\/2024\/08\/MGOR-Mission-1-300x300.png 300w, https:\/\/cssst.activ.is\/maria-goretti\/wp-content\/uploads\/sites\/9\/2024\/08\/MGOR-Mission-1-150x150.png 150w, https:\/\/cssst.activ.is\/maria-goretti\/wp-content\/uploads\/sites\/9\/2024\/08\/MGOR-Mission-1-768x768.png 768w, https:\/\/cssst.activ.is\/maria-goretti\/wp-content\/uploads\/sites\/9\/2024\/08\/MGOR-Mission-1.png 1080w\" sizes=\"auto, (max-width: 1024px) 100vw, 1024px\" \/><\/figure>\n\n\n\n<figure class=\"wp-block-image size-full\"><img loading=\"lazy\" decoding=\"async\" width=\"800\" height=\"800\" src=\"https:\/\/cssst.activ.is\/maria-goretti\/wp-content\/uploads\/sites\/9\/2024\/08\/MGOR-Vision.png\" alt=\"\" class=\"wp-image-390\" srcset=\"https:\/\/cssst.activ.is\/maria-goretti\/wp-content\/uploads\/sites\/9\/2024\/08\/MGOR-Vision.png 800w, https:\/\/cssst.activ.is\/maria-goretti\/wp-content\/uploads\/sites\/9\/2024\/08\/MGOR-Vision-300x300.png 300w, https:\/\/cssst.activ.is\/maria-goretti\/wp-content\/uploads\/sites\/9\/2024\/08\/MGOR-Vision-150x150.png 150w, https:\/\/cssst.activ.is\/maria-goretti\/wp-content\/uploads\/sites\/9\/2024\/08\/MGOR-Vision-768x768.png 768w\" sizes=\"auto, (max-width: 800px) 100vw, 800px\" \/><\/figure>\n\n\n\n<figure class=\"wp-block-image size-large\"><img loading=\"lazy\" decoding=\"async\" width=\"1024\" height=\"1024\" src=\"https:\/\/cssst.activ.is\/maria-goretti\/wp-content\/uploads\/sites\/9\/2024\/08\/MGOR-Valeurs-1-1024x1024.png\" alt=\"\" class=\"wp-image-391\" srcset=\"https:\/\/cssst.activ.is\/maria-goretti\/wp-content\/uploads\/sites\/9\/2024\/08\/MGOR-Valeurs-1-1024x1024.png 1024w, https:\/\/cssst.activ.is\/maria-goretti\/wp-content\/uploads\/sites\/9\/2024\/08\/MGOR-Valeurs-1-300x300.png 300w, https:\/\/cssst.activ.is\/maria-goretti\/wp-content\/uploads\/sites\/9\/2024\/08\/MGOR-Valeurs-1-150x150.png 150w, https:\/\/cssst.activ.is\/maria-goretti\/wp-content\/uploads\/sites\/9\/2024\/08\/MGOR-Valeurs-1-768x768.png 768w, https:\/\/cssst.activ.is\/maria-goretti\/wp-content\/uploads\/sites\/9\/2024\/08\/MGOR-Valeurs-1.png 1080w\" sizes=\"auto, (max-width: 1024px) 100vw, 1024px\" \/><\/figure>\n<\/div>\n","protected":false},"excerpt":{"rendered":"<p>NOTRE projet \u00e9ducatif !<\/p>\n","protected":false},"author":1,"featured_media":0,"parent":5,"menu_order":5,"comment_status":"closed","ping_status":"closed","template":"","meta":{"_acf_changed":false,"inline_featured_image":false,"footnotes":""},"class_list":["post-12","page","type-page","status-publish","hentry"],"acf":[],"yoast_head":"<!-- This site is optimized with the Yoast SEO plugin v27.6 - https:\/\/yoast.com\/product\/yoast-seo-wordpress\/ -->\n<title>Projet \u00e9ducatif - \u00c9cole Maria-Goretti<\/title>\n<meta name=\"robots\" content=\"index, follow, max-snippet:-1, max-image-preview:large, max-video-preview:-1\" \/>\n<link rel=\"canonical\" href=\"https:\/\/cssst.activ.is\/maria-goretti\/ecole\/projet-educatif\/\" \/>\n<meta property=\"og:locale\" content=\"fr_CA\" \/>\n<meta property=\"og:type\" content=\"article\" \/>\n<meta property=\"og:title\" content=\"Projet \u00e9ducatif - \u00c9cole Maria-Goretti\" \/>\n<meta property=\"og:description\" content=\"NOTRE projet \u00e9ducatif !\" \/>\n<meta property=\"og:url\" content=\"https:\/\/cssst.activ.is\/maria-goretti\/ecole\/projet-educatif\/\" \/>\n<meta property=\"og:site_name\" content=\"\u00c9cole Maria-Goretti\" \/>\n<meta property=\"article:publisher\" content=\"https:\/\/www.facebook.com\/ecolemariagoretti\" \/>\n<meta property=\"article:modified_time\" content=\"2024-08-06T12:55:56+00:00\" \/>\n<meta property=\"og:image\" content=\"https:\/\/cssst.activ.is\/maria-goretti\/wp-content\/uploads\/sites\/9\/2024\/08\/MGOR-Mission-1-1024x1024.png\" \/>\n<meta name=\"twitter:card\" content=\"summary_large_image\" \/>\n<meta name=\"twitter:label1\" content=\"Estimation du temps de lecture\" \/>\n\t<meta name=\"twitter:data1\" content=\"1 minute\" \/>\n<script type=\"application\/ld+json\" class=\"yoast-schema-graph\">{\"@context\":\"https:\\\/\\\/schema.org\",\"@graph\":[{\"@type\":\"WebPage\",\"@id\":\"https:\\\/\\\/cssst.activ.is\\\/maria-goretti\\\/ecole\\\/projet-educatif\\\/\",\"url\":\"https:\\\/\\\/cssst.activ.is\\\/maria-goretti\\\/ecole\\\/projet-educatif\\\/\",\"name\":\"Projet \u00e9ducatif - \u00c9cole Maria-Goretti\",\"isPartOf\":{\"@id\":\"https:\\\/\\\/cssst.activ.is\\\/maria-goretti\\\/#website\"},\"primaryImageOfPage\":{\"@id\":\"https:\\\/\\\/cssst.activ.is\\\/maria-goretti\\\/ecole\\\/projet-educatif\\\/#primaryimage\"},\"image\":{\"@id\":\"https:\\\/\\\/cssst.activ.is\\\/maria-goretti\\\/ecole\\\/projet-educatif\\\/#primaryimage\"},\"thumbnailUrl\":\"https:\\\/\\\/cssst.activ.is\\\/maria-goretti\\\/wp-content\\\/uploads\\\/sites\\\/9\\\/2024\\\/08\\\/MGOR-Mission-1-1024x1024.png\",\"datePublished\":\"2023-02-02T14:37:07+00:00\",\"dateModified\":\"2024-08-06T12:55:56+00:00\",\"breadcrumb\":{\"@id\":\"https:\\\/\\\/cssst.activ.is\\\/maria-goretti\\\/ecole\\\/projet-educatif\\\/#breadcrumb\"},\"inLanguage\":\"fr-CA\",\"potentialAction\":[{\"@type\":\"ReadAction\",\"target\":[\"https:\\\/\\\/cssst.activ.is\\\/maria-goretti\\\/ecole\\\/projet-educatif\\\/\"]}]},{\"@type\":\"ImageObject\",\"inLanguage\":\"fr-CA\",\"@id\":\"https:\\\/\\\/cssst.activ.is\\\/maria-goretti\\\/ecole\\\/projet-educatif\\\/#primaryimage\",\"url\":\"https:\\\/\\\/cssst.activ.is\\\/maria-goretti\\\/wp-content\\\/uploads\\\/sites\\\/9\\\/2024\\\/08\\\/MGOR-Mission-1.png\",\"contentUrl\":\"https:\\\/\\\/cssst.activ.is\\\/maria-goretti\\\/wp-content\\\/uploads\\\/sites\\\/9\\\/2024\\\/08\\\/MGOR-Mission-1.png\",\"width\":1080,\"height\":1080},{\"@type\":\"BreadcrumbList\",\"@id\":\"https:\\\/\\\/cssst.activ.is\\\/maria-goretti\\\/ecole\\\/projet-educatif\\\/#breadcrumb\",\"itemListElement\":[{\"@type\":\"ListItem\",\"position\":1,\"name\":\"Accueil\",\"item\":\"https:\\\/\\\/cssst.activ.is\\\/maria-goretti\\\/\"},{\"@type\":\"ListItem\",\"position\":2,\"name\":\"\u00c9cole\",\"item\":\"https:\\\/\\\/cssst.activ.is\\\/maria-goretti\\\/ecole\\\/\"},{\"@type\":\"ListItem\",\"position\":3,\"name\":\"Projet \u00e9ducatif\"}]},{\"@type\":\"WebSite\",\"@id\":\"https:\\\/\\\/cssst.activ.is\\\/maria-goretti\\\/#website\",\"url\":\"https:\\\/\\\/cssst.activ.is\\\/maria-goretti\\\/\",\"name\":\"\u00c9cole Maria-Goretti\",\"description\":\"\",\"potentialAction\":[{\"@type\":\"SearchAction\",\"target\":{\"@type\":\"EntryPoint\",\"urlTemplate\":\"https:\\\/\\\/cssst.activ.is\\\/maria-goretti\\\/?s={search_term_string}\"},\"query-input\":{\"@type\":\"PropertyValueSpecification\",\"valueRequired\":true,\"valueName\":\"search_term_string\"}}],\"inLanguage\":\"fr-CA\"}]}<\/script>\n<!-- \/ Yoast SEO plugin. -->","yoast_head_json":{"title":"Projet \u00e9ducatif - \u00c9cole Maria-Goretti","robots":{"index":"index","follow":"follow","max-snippet":"max-snippet:-1","max-image-preview":"max-image-preview:large","max-video-preview":"max-video-preview:-1"},"canonical":"https:\/\/cssst.activ.is\/maria-goretti\/ecole\/projet-educatif\/","og_locale":"fr_CA","og_type":"article","og_title":"Projet \u00e9ducatif - \u00c9cole Maria-Goretti","og_description":"NOTRE projet \u00e9ducatif !","og_url":"https:\/\/cssst.activ.is\/maria-goretti\/ecole\/projet-educatif\/","og_site_name":"\u00c9cole Maria-Goretti","article_publisher":"https:\/\/www.facebook.com\/ecolemariagoretti","article_modified_time":"2024-08-06T12:55:56+00:00","og_image":[{"url":"https:\/\/cssst.activ.is\/maria-goretti\/wp-content\/uploads\/sites\/9\/2024\/08\/MGOR-Mission-1-1024x1024.png","type":"","width":"","height":""}],"twitter_card":"summary_large_image","twitter_misc":{"Estimation du temps de lecture":"1 minute"},"schema":{"@context":"https:\/\/schema.org","@graph":[{"@type":"WebPage","@id":"https:\/\/cssst.activ.is\/maria-goretti\/ecole\/projet-educatif\/","url":"https:\/\/cssst.activ.is\/maria-goretti\/ecole\/projet-educatif\/","name":"Projet \u00e9ducatif - \u00c9cole Maria-Goretti","isPartOf":{"@id":"https:\/\/cssst.activ.is\/maria-goretti\/#website"},"primaryImageOfPage":{"@id":"https:\/\/cssst.activ.is\/maria-goretti\/ecole\/projet-educatif\/#primaryimage"},"image":{"@id":"https:\/\/cssst.activ.is\/maria-goretti\/ecole\/projet-educatif\/#primaryimage"},"thumbnailUrl":"https:\/\/cssst.activ.is\/maria-goretti\/wp-content\/uploads\/sites\/9\/2024\/08\/MGOR-Mission-1-1024x1024.png","datePublished":"2023-02-02T14:37:07+00:00","dateModified":"2024-08-06T12:55:56+00:00","breadcrumb":{"@id":"https:\/\/cssst.activ.is\/maria-goretti\/ecole\/projet-educatif\/#breadcrumb"},"inLanguage":"fr-CA","potentialAction":[{"@type":"ReadAction","target":["https:\/\/cssst.activ.is\/maria-goretti\/ecole\/projet-educatif\/"]}]},{"@type":"ImageObject","inLanguage":"fr-CA","@id":"https:\/\/cssst.activ.is\/maria-goretti\/ecole\/projet-educatif\/#primaryimage","url":"https:\/\/cssst.activ.is\/maria-goretti\/wp-content\/uploads\/sites\/9\/2024\/08\/MGOR-Mission-1.png","contentUrl":"https:\/\/cssst.activ.is\/maria-goretti\/wp-content\/uploads\/sites\/9\/2024\/08\/MGOR-Mission-1.png","width":1080,"height":1080},{"@type":"BreadcrumbList","@id":"https:\/\/cssst.activ.is\/maria-goretti\/ecole\/projet-educatif\/#breadcrumb","itemListElement":[{"@type":"ListItem","position":1,"name":"Accueil","item":"https:\/\/cssst.activ.is\/maria-goretti\/"},{"@type":"ListItem","position":2,"name":"\u00c9cole","item":"https:\/\/cssst.activ.is\/maria-goretti\/ecole\/"},{"@type":"ListItem","position":3,"name":"Projet \u00e9ducatif"}]},{"@type":"WebSite","@id":"https:\/\/cssst.activ.is\/maria-goretti\/#website","url":"https:\/\/cssst.activ.is\/maria-goretti\/","name":"\u00c9cole Maria-Goretti","description":"","potentialAction":[{"@type":"SearchAction","target":{"@type":"EntryPoint","urlTemplate":"https:\/\/cssst.activ.is\/maria-goretti\/?s={search_term_string}"},"query-input":{"@type":"PropertyValueSpecification","valueRequired":true,"valueName":"search_term_string"}}],"inLanguage":"fr-CA"}]}},"_links":{"self":[{"href":"https:\/\/cssst.activ.is\/maria-goretti\/wp-json\/wp\/v2\/pages\/12","targetHints":{"allow":["GET"]}}],"collection":[{"href":"https:\/\/cssst.activ.is\/maria-goretti\/wp-json\/wp\/v2\/pages"}],"about":[{"href":"https:\/\/cssst.activ.is\/maria-goretti\/wp-json\/wp\/v2\/types\/page"}],"author":[{"embeddable":true,"href":"https:\/\/cssst.activ.is\/maria-goretti\/wp-json\/wp\/v2\/users\/1"}],"replies":[{"embeddable":true,"href":"https:\/\/cssst.activ.is\/maria-goretti\/wp-json\/wp\/v2\/comments?post=12"}],"version-history":[{"count":6,"href":"https:\/\/cssst.activ.is\/maria-goretti\/wp-json\/wp\/v2\/pages\/12\/revisions"}],"predecessor-version":[{"id":394,"href":"https:\/\/cssst.activ.is\/maria-goretti\/wp-json\/wp\/v2\/pages\/12\/revisions\/394"}],"up":[{"embeddable":true,"href":"https:\/\/cssst.activ.is\/maria-goretti\/wp-json\/wp\/v2\/pages\/5"}],"wp:attachment":[{"href":"https:\/\/cssst.activ.is\/maria-goretti\/wp-json\/wp\/v2\/media?parent=12"}],"curies":[{"name":"wp","href":"https:\/\/api.w.org\/{rel}","templated":true}]}}