{"id":15,"date":"2023-02-02T09:37:08","date_gmt":"2023-02-02T14:37:08","guid":{"rendered":"https:\/\/cssst.activ.is\/maria-goretti\/inscription\/"},"modified":"2024-07-31T09:57:38","modified_gmt":"2024-07-31T13:57:38","slug":"inscription","status":"publish","type":"page","link":"https:\/\/cssst.activ.is\/maria-goretti\/inscription\/","title":{"rendered":"Inscription"},"content":{"rendered":"\n<p><strong>Pour consulter l\u2019avis public d\u2019admission et d\u2019inscription des \u00e9l\u00e8ves pour 2024-2025 et conna\u00eetre la proc\u00e9dure d\u2019inscription,\u00a0<a href=\"https:\/\/cssst.activ.is\/prescolaire-et-primaire\/inscription\/\" target=\"_blank\" rel=\"noreferrer noopener\">cliquez ici<\/a><\/strong><\/p>\n\n\n\n<div data-wp-interactive=\"core\/file\" class=\"wp-block-file\"><object data-wp-bind--hidden=\"!state.hasPdfPreview\" hidden class=\"wp-block-file__embed\" data=\"https:\/\/cssst.activ.is\/maria-goretti\/wp-content\/uploads\/sites\/9\/2024\/07\/Avis-public-admission-et-inscription-2024-2025.pdf\" type=\"application\/pdf\" style=\"width:100%;height:600px\" aria-label=\"Contenu incorpor\u00e9 Avis-public-admission-et-inscription-2024-2025.\"><\/object><a id=\"wp-block-file--media-e07a539f-9c46-488c-9a88-26e92cc2e8bb\" href=\"https:\/\/cssst.activ.is\/maria-goretti\/wp-content\/uploads\/sites\/9\/2024\/07\/Avis-public-admission-et-inscription-2024-2025.pdf\">Avis-public-admission-et-inscription-2024-2025<\/a><a href=\"https:\/\/cssst.activ.is\/maria-goretti\/wp-content\/uploads\/sites\/9\/2024\/07\/Avis-public-admission-et-inscription-2024-2025.pdf\" class=\"wp-block-file__button wp-element-button\" download aria-describedby=\"wp-block-file--media-e07a539f-9c46-488c-9a88-26e92cc2e8bb\">Download<\/a><\/div>\n","protected":false},"excerpt":{"rendered":"<p>Pour consulter l\u2019avis public d\u2019admission et d\u2019inscription des \u00e9l\u00e8ves pour 2024-2025 et conna\u00eetre la proc\u00e9dure d\u2019inscription,\u00a0cliquez ici<\/p>\n","protected":false},"author":1,"featured_media":0,"parent":0,"menu_order":30,"comment_status":"closed","ping_status":"closed","template":"","meta":{"_acf_changed":false,"inline_featured_image":false,"footnotes":""},"class_list":["post-15","page","type-page","status-publish","hentry"],"acf":[],"yoast_head":"<!-- This site is optimized with the Yoast SEO plugin v27.6 - https:\/\/yoast.com\/product\/yoast-seo-wordpress\/ -->\n<title>Inscription - \u00c9cole Maria-Goretti<\/title>\n<meta name=\"robots\" content=\"index, follow, max-snippet:-1, max-image-preview:large, max-video-preview:-1\" \/>\n<link rel=\"canonical\" href=\"https:\/\/cssst.activ.is\/maria-goretti\/inscription\/\" \/>\n<meta property=\"og:locale\" content=\"fr_CA\" \/>\n<meta property=\"og:type\" content=\"article\" \/>\n<meta property=\"og:title\" content=\"Inscription - \u00c9cole Maria-Goretti\" \/>\n<meta property=\"og:description\" content=\"Pour consulter l\u2019avis public d\u2019admission et d\u2019inscription des \u00e9l\u00e8ves pour 2024-2025 et conna\u00eetre la proc\u00e9dure d\u2019inscription,\u00a0cliquez ici\" \/>\n<meta property=\"og:url\" content=\"https:\/\/cssst.activ.is\/maria-goretti\/inscription\/\" \/>\n<meta property=\"og:site_name\" content=\"\u00c9cole Maria-Goretti\" \/>\n<meta property=\"article:publisher\" content=\"https:\/\/www.facebook.com\/ecolemariagoretti\" \/>\n<meta property=\"article:modified_time\" content=\"2024-07-31T13:57:38+00:00\" \/>\n<meta name=\"twitter:card\" content=\"summary_large_image\" \/>\n<meta name=\"twitter:label1\" content=\"Estimation du temps de lecture\" \/>\n\t<meta name=\"twitter:data1\" content=\"1 minute\" \/>\n<script type=\"application\/ld+json\" class=\"yoast-schema-graph\">{\"@context\":\"https:\\\/\\\/schema.org\",\"@graph\":[{\"@type\":\"WebPage\",\"@id\":\"https:\\\/\\\/cssst.activ.is\\\/maria-goretti\\\/inscription\\\/\",\"url\":\"https:\\\/\\\/cssst.activ.is\\\/maria-goretti\\\/inscription\\\/\",\"name\":\"Inscription - \u00c9cole Maria-Goretti\",\"isPartOf\":{\"@id\":\"https:\\\/\\\/cssst.activ.is\\\/maria-goretti\\\/#website\"},\"datePublished\":\"2023-02-02T14:37:08+00:00\",\"dateModified\":\"2024-07-31T13:57:38+00:00\",\"breadcrumb\":{\"@id\":\"https:\\\/\\\/cssst.activ.is\\\/maria-goretti\\\/inscription\\\/#breadcrumb\"},\"inLanguage\":\"fr-CA\",\"potentialAction\":[{\"@type\":\"ReadAction\",\"target\":[\"https:\\\/\\\/cssst.activ.is\\\/maria-goretti\\\/inscription\\\/\"]}]},{\"@type\":\"BreadcrumbList\",\"@id\":\"https:\\\/\\\/cssst.activ.is\\\/maria-goretti\\\/inscription\\\/#breadcrumb\",\"itemListElement\":[{\"@type\":\"ListItem\",\"position\":1,\"name\":\"Accueil\",\"item\":\"https:\\\/\\\/cssst.activ.is\\\/maria-goretti\\\/\"},{\"@type\":\"ListItem\",\"position\":2,\"name\":\"Inscription\"}]},{\"@type\":\"WebSite\",\"@id\":\"https:\\\/\\\/cssst.activ.is\\\/maria-goretti\\\/#website\",\"url\":\"https:\\\/\\\/cssst.activ.is\\\/maria-goretti\\\/\",\"name\":\"\u00c9cole Maria-Goretti\",\"description\":\"\",\"potentialAction\":[{\"@type\":\"SearchAction\",\"target\":{\"@type\":\"EntryPoint\",\"urlTemplate\":\"https:\\\/\\\/cssst.activ.is\\\/maria-goretti\\\/?s={search_term_string}\"},\"query-input\":{\"@type\":\"PropertyValueSpecification\",\"valueRequired\":true,\"valueName\":\"search_term_string\"}}],\"inLanguage\":\"fr-CA\"}]}<\/script>\n<!-- \/ Yoast SEO plugin. -->","yoast_head_json":{"title":"Inscription - \u00c9cole Maria-Goretti","robots":{"index":"index","follow":"follow","max-snippet":"max-snippet:-1","max-image-preview":"max-image-preview:large","max-video-preview":"max-video-preview:-1"},"canonical":"https:\/\/cssst.activ.is\/maria-goretti\/inscription\/","og_locale":"fr_CA","og_type":"article","og_title":"Inscription - \u00c9cole Maria-Goretti","og_description":"Pour consulter l\u2019avis public d\u2019admission et d\u2019inscription des \u00e9l\u00e8ves pour 2024-2025 et conna\u00eetre la proc\u00e9dure d\u2019inscription,\u00a0cliquez ici","og_url":"https:\/\/cssst.activ.is\/maria-goretti\/inscription\/","og_site_name":"\u00c9cole Maria-Goretti","article_publisher":"https:\/\/www.facebook.com\/ecolemariagoretti","article_modified_time":"2024-07-31T13:57:38+00:00","twitter_card":"summary_large_image","twitter_misc":{"Estimation du temps de lecture":"1 minute"},"schema":{"@context":"https:\/\/schema.org","@graph":[{"@type":"WebPage","@id":"https:\/\/cssst.activ.is\/maria-goretti\/inscription\/","url":"https:\/\/cssst.activ.is\/maria-goretti\/inscription\/","name":"Inscription - \u00c9cole Maria-Goretti","isPartOf":{"@id":"https:\/\/cssst.activ.is\/maria-goretti\/#website"},"datePublished":"2023-02-02T14:37:08+00:00","dateModified":"2024-07-31T13:57:38+00:00","breadcrumb":{"@id":"https:\/\/cssst.activ.is\/maria-goretti\/inscription\/#breadcrumb"},"inLanguage":"fr-CA","potentialAction":[{"@type":"ReadAction","target":["https:\/\/cssst.activ.is\/maria-goretti\/inscription\/"]}]},{"@type":"BreadcrumbList","@id":"https:\/\/cssst.activ.is\/maria-goretti\/inscription\/#breadcrumb","itemListElement":[{"@type":"ListItem","position":1,"name":"Accueil","item":"https:\/\/cssst.activ.is\/maria-goretti\/"},{"@type":"ListItem","position":2,"name":"Inscription"}]},{"@type":"WebSite","@id":"https:\/\/cssst.activ.is\/maria-goretti\/#website","url":"https:\/\/cssst.activ.is\/maria-goretti\/","name":"\u00c9cole Maria-Goretti","description":"","potentialAction":[{"@type":"SearchAction","target":{"@type":"EntryPoint","urlTemplate":"https:\/\/cssst.activ.is\/maria-goretti\/?s={search_term_string}"},"query-input":{"@type":"PropertyValueSpecification","valueRequired":true,"valueName":"search_term_string"}}],"inLanguage":"fr-CA"}]}},"_links":{"self":[{"href":"https:\/\/cssst.activ.is\/maria-goretti\/wp-json\/wp\/v2\/pages\/15","targetHints":{"allow":["GET"]}}],"collection":[{"href":"https:\/\/cssst.activ.is\/maria-goretti\/wp-json\/wp\/v2\/pages"}],"about":[{"href":"https:\/\/cssst.activ.is\/maria-goretti\/wp-json\/wp\/v2\/types\/page"}],"author":[{"embeddable":true,"href":"https:\/\/cssst.activ.is\/maria-goretti\/wp-json\/wp\/v2\/users\/1"}],"replies":[{"embeddable":true,"href":"https:\/\/cssst.activ.is\/maria-goretti\/wp-json\/wp\/v2\/comments?post=15"}],"version-history":[{"count":5,"href":"https:\/\/cssst.activ.is\/maria-goretti\/wp-json\/wp\/v2\/pages\/15\/revisions"}],"predecessor-version":[{"id":281,"href":"https:\/\/cssst.activ.is\/maria-goretti\/wp-json\/wp\/v2\/pages\/15\/revisions\/281"}],"wp:attachment":[{"href":"https:\/\/cssst.activ.is\/maria-goretti\/wp-json\/wp\/v2\/media?parent=15"}],"curies":[{"name":"wp","href":"https:\/\/api.w.org\/{rel}","templated":true}]}}