{"id":16,"date":"2023-02-02T09:37:08","date_gmt":"2023-02-02T14:37:08","guid":{"rendered":"https:\/\/cssst.activ.is\/martel\/communiques\/"},"modified":"2024-10-28T08:54:29","modified_gmt":"2024-10-28T12:54:29","slug":"communiques","status":"publish","type":"page","link":"https:\/\/cssst.activ.is\/martel\/communiques\/","title":{"rendered":"Communiqu\u00e9s"},"content":{"rendered":"\n<h2 class=\"wp-block-heading\">L&rsquo;Halloween en toute suret\u00e9 !<\/h2>\n\n\n\n<div data-wp-interactive=\"core\/file\" class=\"wp-block-file\"><object data-wp-bind--hidden=\"!state.hasPdfPreview\" hidden class=\"wp-block-file__embed\" data=\"https:\/\/cssst.activ.is\/martel\/wp-content\/uploads\/sites\/10\/2024\/10\/Pour-une-Halloween-en-toute-Surete.pdf\" type=\"application\/pdf\" style=\"width:100%;height:600px\" aria-label=\"Contenu incorpor\u00e9 Pour une Halloween en toute Surete.\"><\/object><a id=\"wp-block-file--media-b910c8d2-a579-439f-827c-e7a8cfe533ec\" href=\"https:\/\/cssst.activ.is\/martel\/wp-content\/uploads\/sites\/10\/2024\/10\/Pour-une-Halloween-en-toute-Surete.pdf\">Pour une Halloween en toute Surete<\/a><a href=\"https:\/\/cssst.activ.is\/martel\/wp-content\/uploads\/sites\/10\/2024\/10\/Pour-une-Halloween-en-toute-Surete.pdf\" class=\"wp-block-file__button wp-element-button\" download aria-describedby=\"wp-block-file--media-b910c8d2-a579-439f-827c-e7a8cfe533ec\">T\u00e9l\u00e9charger<\/a><\/div>\n\n\n\n<h2 class=\"wp-block-heading\">Service de repas chauds<\/h2>\n\n\n\n<p><strong>R\u00e8glement pour la commande des repas scolaires<\/strong><\/p>\n\n\n\n<ol start=\"1\" class=\"wp-block-list\">\n<li><strong>D\u00e9lais de commande<\/strong>&nbsp;:<br>Les commandes pour les repas scolaires doivent \u00eatre pass\u00e9es <strong>au plus tard le mercredi \u00e0 minuit<\/strong>&nbsp;pour la semaine suivante. Toute commande pass\u00e9e apr\u00e8s ce d\u00e9lai ne pourra \u00eatre accept\u00e9e pour la semaine suivante et devra attendre la semaine d&rsquo;apr\u00e8s.<\/li>\n\n\n\n<li><strong>Cycle de menus<\/strong>&nbsp;:<br>Les menus sont organis\u00e9s en <strong>rotation de 5 semaines<\/strong>. Ils peuvent varier en fonction des f\u00eates et des jours f\u00e9ri\u00e9s. Veuillez consulter r\u00e9guli\u00e8rement les menus pour conna\u00eetre les options offertes chaque semaine.<\/li>\n\n\n\n<li><strong>Passation de commandes<\/strong>&nbsp;:<br>Toutes les commandes doivent \u00eatre effectu\u00e9es en ligne sur le site officiel de Madame Gingembre \u00e0 l&rsquo;adresse suivante : <strong><a href=\"https:\/\/can01.safelinks.protection.outlook.com\/?url=http%3A%2F%2Fwww.madamegingembre.com%2F&amp;data=05%7C02%7CChristine.Cyr%40cssst.gouv.qc.ca%7C15415dcb08cc4f9b063c08dcef86e6f9%7C8350f3dbcb644385938d01256216b34f%7C0%7C0%7C638648609886739065%7CUnknown%7CTWFpbGZsb3d8eyJWIjoiMC4wLjAwMDAiLCJQIjoiV2luMzIiLCJBTiI6Ik1haWwiLCJXVCI6Mn0%3D%7C0%7C%7C%7C&amp;sdata=exijPGfvqCH84JDVxxmxR1i6nw8YAE3VimzkyfgOQN4%3D&amp;reserved=0\">www.madamegingembre.com<\/a><\/strong>. Aucune commande ne sera accept\u00e9e par t\u00e9l\u00e9phone ou par tout autre moyen.<\/li>\n\n\n\n<li><strong>Modifications et annulations<\/strong>&nbsp;:<br>Une fois la commande valid\u00e9e, il ne sera pas possible de la modifier ou de l&rsquo;annuler apr\u00e8s le d\u00e9lai de mercredi minuit.<\/li>\n<\/ol>\n\n\n\n<figure class=\"wp-block-image size-large\"><img loading=\"lazy\" decoding=\"async\" width=\"663\" height=\"1024\" src=\"https:\/\/cssst.activ.is\/martel\/wp-content\/uploads\/sites\/10\/2024\/10\/Menu-scolaire-663x1024.png\" alt=\"\" class=\"wp-image-255\" srcset=\"https:\/\/cssst.activ.is\/martel\/wp-content\/uploads\/sites\/10\/2024\/10\/Menu-scolaire-663x1024.png 663w, https:\/\/cssst.activ.is\/martel\/wp-content\/uploads\/sites\/10\/2024\/10\/Menu-scolaire-194x300.png 194w, https:\/\/cssst.activ.is\/martel\/wp-content\/uploads\/sites\/10\/2024\/10\/Menu-scolaire-768x1187.png 768w, https:\/\/cssst.activ.is\/martel\/wp-content\/uploads\/sites\/10\/2024\/10\/Menu-scolaire-994x1536.png 994w, https:\/\/cssst.activ.is\/martel\/wp-content\/uploads\/sites\/10\/2024\/10\/Menu-scolaire.png 1294w\" sizes=\"auto, (max-width: 663px) 100vw, 663px\" \/><\/figure>\n","protected":false},"excerpt":{"rendered":"<p>L&rsquo;Halloween en toute suret\u00e9 ! Service de repas chauds R\u00e8glement pour la commande des repas scolaires<\/p>\n","protected":false},"author":1,"featured_media":0,"parent":0,"menu_order":40,"comment_status":"closed","ping_status":"closed","template":"","meta":{"_acf_changed":false,"inline_featured_image":false,"footnotes":""},"class_list":["post-16","page","type-page","status-publish","hentry"],"acf":[],"yoast_head":"<!-- This site is optimized with the Yoast SEO plugin v27.6 - https:\/\/yoast.com\/product\/yoast-seo-wordpress\/ -->\n<title>Communiqu\u00e9s - \u00c9cole Martel<\/title>\n<meta name=\"robots\" content=\"index, follow, max-snippet:-1, max-image-preview:large, max-video-preview:-1\" \/>\n<link rel=\"canonical\" href=\"https:\/\/cssst.activ.is\/martel\/communiques\/\" \/>\n<meta property=\"og:locale\" content=\"fr_CA\" \/>\n<meta property=\"og:type\" content=\"article\" \/>\n<meta property=\"og:title\" content=\"Communiqu\u00e9s - \u00c9cole Martel\" \/>\n<meta property=\"og:description\" content=\"L&rsquo;Halloween en toute suret\u00e9 ! Service de repas chauds R\u00e8glement pour la commande des repas scolaires\" \/>\n<meta property=\"og:url\" content=\"https:\/\/cssst.activ.is\/martel\/communiques\/\" \/>\n<meta property=\"og:site_name\" content=\"\u00c9cole Martel\" \/>\n<meta property=\"article:publisher\" content=\"https:\/\/www.facebook.com\/profile.php?id=100084885317196\" \/>\n<meta property=\"article:modified_time\" content=\"2024-10-28T12:54:29+00:00\" \/>\n<meta property=\"og:image\" content=\"https:\/\/cssst.activ.is\/martel\/wp-content\/uploads\/sites\/10\/2024\/10\/Menu-scolaire.png\" \/>\n\t<meta property=\"og:image:width\" content=\"1294\" \/>\n\t<meta property=\"og:image:height\" content=\"2000\" \/>\n\t<meta property=\"og:image:type\" content=\"image\/png\" \/>\n<meta name=\"twitter:card\" content=\"summary_large_image\" \/>\n<meta name=\"twitter:label1\" content=\"Estimation du temps de lecture\" \/>\n\t<meta name=\"twitter:data1\" content=\"2 minutes\" \/>\n<script type=\"application\/ld+json\" class=\"yoast-schema-graph\">{\"@context\":\"https:\\\/\\\/schema.org\",\"@graph\":[{\"@type\":\"WebPage\",\"@id\":\"https:\\\/\\\/cssst.activ.is\\\/martel\\\/communiques\\\/\",\"url\":\"https:\\\/\\\/cssst.activ.is\\\/martel\\\/communiques\\\/\",\"name\":\"Communiqu\u00e9s - \u00c9cole Martel\",\"isPartOf\":{\"@id\":\"https:\\\/\\\/cssst.activ.is\\\/martel\\\/#website\"},\"primaryImageOfPage\":{\"@id\":\"https:\\\/\\\/cssst.activ.is\\\/martel\\\/communiques\\\/#primaryimage\"},\"image\":{\"@id\":\"https:\\\/\\\/cssst.activ.is\\\/martel\\\/communiques\\\/#primaryimage\"},\"thumbnailUrl\":\"https:\\\/\\\/cssst.activ.is\\\/martel\\\/wp-content\\\/uploads\\\/sites\\\/10\\\/2024\\\/10\\\/Menu-scolaire-663x1024.png\",\"datePublished\":\"2023-02-02T14:37:08+00:00\",\"dateModified\":\"2024-10-28T12:54:29+00:00\",\"breadcrumb\":{\"@id\":\"https:\\\/\\\/cssst.activ.is\\\/martel\\\/communiques\\\/#breadcrumb\"},\"inLanguage\":\"fr-CA\",\"potentialAction\":[{\"@type\":\"ReadAction\",\"target\":[\"https:\\\/\\\/cssst.activ.is\\\/martel\\\/communiques\\\/\"]}]},{\"@type\":\"ImageObject\",\"inLanguage\":\"fr-CA\",\"@id\":\"https:\\\/\\\/cssst.activ.is\\\/martel\\\/communiques\\\/#primaryimage\",\"url\":\"https:\\\/\\\/cssst.activ.is\\\/martel\\\/wp-content\\\/uploads\\\/sites\\\/10\\\/2024\\\/10\\\/Menu-scolaire.png\",\"contentUrl\":\"https:\\\/\\\/cssst.activ.is\\\/martel\\\/wp-content\\\/uploads\\\/sites\\\/10\\\/2024\\\/10\\\/Menu-scolaire.png\",\"width\":1294,\"height\":2000},{\"@type\":\"BreadcrumbList\",\"@id\":\"https:\\\/\\\/cssst.activ.is\\\/martel\\\/communiques\\\/#breadcrumb\",\"itemListElement\":[{\"@type\":\"ListItem\",\"position\":1,\"name\":\"Accueil\",\"item\":\"https:\\\/\\\/cssst.activ.is\\\/martel\\\/\"},{\"@type\":\"ListItem\",\"position\":2,\"name\":\"Communiqu\u00e9s\"}]},{\"@type\":\"WebSite\",\"@id\":\"https:\\\/\\\/cssst.activ.is\\\/martel\\\/#website\",\"url\":\"https:\\\/\\\/cssst.activ.is\\\/martel\\\/\",\"name\":\"\u00c9cole Martel\",\"description\":\"\",\"potentialAction\":[{\"@type\":\"SearchAction\",\"target\":{\"@type\":\"EntryPoint\",\"urlTemplate\":\"https:\\\/\\\/cssst.activ.is\\\/martel\\\/?s={search_term_string}\"},\"query-input\":{\"@type\":\"PropertyValueSpecification\",\"valueRequired\":true,\"valueName\":\"search_term_string\"}}],\"inLanguage\":\"fr-CA\"}]}<\/script>\n<!-- \/ Yoast SEO plugin. -->","yoast_head_json":{"title":"Communiqu\u00e9s - \u00c9cole Martel","robots":{"index":"index","follow":"follow","max-snippet":"max-snippet:-1","max-image-preview":"max-image-preview:large","max-video-preview":"max-video-preview:-1"},"canonical":"https:\/\/cssst.activ.is\/martel\/communiques\/","og_locale":"fr_CA","og_type":"article","og_title":"Communiqu\u00e9s - \u00c9cole Martel","og_description":"L&rsquo;Halloween en toute suret\u00e9 ! Service de repas chauds R\u00e8glement pour la commande des repas scolaires","og_url":"https:\/\/cssst.activ.is\/martel\/communiques\/","og_site_name":"\u00c9cole Martel","article_publisher":"https:\/\/www.facebook.com\/profile.php?id=100084885317196","article_modified_time":"2024-10-28T12:54:29+00:00","og_image":[{"width":1294,"height":2000,"url":"https:\/\/cssst.activ.is\/martel\/wp-content\/uploads\/sites\/10\/2024\/10\/Menu-scolaire.png","type":"image\/png"}],"twitter_card":"summary_large_image","twitter_misc":{"Estimation du temps de lecture":"2 minutes"},"schema":{"@context":"https:\/\/schema.org","@graph":[{"@type":"WebPage","@id":"https:\/\/cssst.activ.is\/martel\/communiques\/","url":"https:\/\/cssst.activ.is\/martel\/communiques\/","name":"Communiqu\u00e9s - \u00c9cole Martel","isPartOf":{"@id":"https:\/\/cssst.activ.is\/martel\/#website"},"primaryImageOfPage":{"@id":"https:\/\/cssst.activ.is\/martel\/communiques\/#primaryimage"},"image":{"@id":"https:\/\/cssst.activ.is\/martel\/communiques\/#primaryimage"},"thumbnailUrl":"https:\/\/cssst.activ.is\/martel\/wp-content\/uploads\/sites\/10\/2024\/10\/Menu-scolaire-663x1024.png","datePublished":"2023-02-02T14:37:08+00:00","dateModified":"2024-10-28T12:54:29+00:00","breadcrumb":{"@id":"https:\/\/cssst.activ.is\/martel\/communiques\/#breadcrumb"},"inLanguage":"fr-CA","potentialAction":[{"@type":"ReadAction","target":["https:\/\/cssst.activ.is\/martel\/communiques\/"]}]},{"@type":"ImageObject","inLanguage":"fr-CA","@id":"https:\/\/cssst.activ.is\/martel\/communiques\/#primaryimage","url":"https:\/\/cssst.activ.is\/martel\/wp-content\/uploads\/sites\/10\/2024\/10\/Menu-scolaire.png","contentUrl":"https:\/\/cssst.activ.is\/martel\/wp-content\/uploads\/sites\/10\/2024\/10\/Menu-scolaire.png","width":1294,"height":2000},{"@type":"BreadcrumbList","@id":"https:\/\/cssst.activ.is\/martel\/communiques\/#breadcrumb","itemListElement":[{"@type":"ListItem","position":1,"name":"Accueil","item":"https:\/\/cssst.activ.is\/martel\/"},{"@type":"ListItem","position":2,"name":"Communiqu\u00e9s"}]},{"@type":"WebSite","@id":"https:\/\/cssst.activ.is\/martel\/#website","url":"https:\/\/cssst.activ.is\/martel\/","name":"\u00c9cole Martel","description":"","potentialAction":[{"@type":"SearchAction","target":{"@type":"EntryPoint","urlTemplate":"https:\/\/cssst.activ.is\/martel\/?s={search_term_string}"},"query-input":{"@type":"PropertyValueSpecification","valueRequired":true,"valueName":"search_term_string"}}],"inLanguage":"fr-CA"}]}},"_links":{"self":[{"href":"https:\/\/cssst.activ.is\/martel\/wp-json\/wp\/v2\/pages\/16","targetHints":{"allow":["GET"]}}],"collection":[{"href":"https:\/\/cssst.activ.is\/martel\/wp-json\/wp\/v2\/pages"}],"about":[{"href":"https:\/\/cssst.activ.is\/martel\/wp-json\/wp\/v2\/types\/page"}],"author":[{"embeddable":true,"href":"https:\/\/cssst.activ.is\/martel\/wp-json\/wp\/v2\/users\/1"}],"replies":[{"embeddable":true,"href":"https:\/\/cssst.activ.is\/martel\/wp-json\/wp\/v2\/comments?post=16"}],"version-history":[{"count":5,"href":"https:\/\/cssst.activ.is\/martel\/wp-json\/wp\/v2\/pages\/16\/revisions"}],"predecessor-version":[{"id":265,"href":"https:\/\/cssst.activ.is\/martel\/wp-json\/wp\/v2\/pages\/16\/revisions\/265"}],"wp:attachment":[{"href":"https:\/\/cssst.activ.is\/martel\/wp-json\/wp\/v2\/media?parent=16"}],"curies":[{"name":"wp","href":"https:\/\/api.w.org\/{rel}","templated":true}]}}