{"id":9,"date":"2023-02-02T09:37:06","date_gmt":"2023-02-02T14:37:06","guid":{"rendered":"https:\/\/cssst.activ.is\/martel\/ecole\/comites\/conseil-detablissement\/"},"modified":"2024-09-23T13:31:03","modified_gmt":"2024-09-23T17:31:03","slug":"conseil-detablissement","status":"publish","type":"page","link":"https:\/\/cssst.activ.is\/martel\/ecole\/comites\/conseil-detablissement\/","title":{"rendered":"Conseil d&rsquo;\u00e9tablissement"},"content":{"rendered":"\n<h2 class=\"wp-block-heading\">Pr\u00e9sidente du conseil d&rsquo;\u00e9tablissement<\/h2>\n\n\n\n<p><\/p>\n\n\n\n<h2 class=\"wp-block-heading\">Dates des prochaines rencontres<\/h2>\n\n\n\n<p><strong>30 septembre 2024 <\/strong><\/p>\n\n\n\n<ul class=\"wp-block-list\">\n<li>16h45 : Assembl\u00e9e g\u00e9n\u00e9rale, \u00e9lection des membres<\/li>\n\n\n\n<li>17h00: Conseil d&rsquo;\u00e9tablissement<\/li>\n<\/ul>\n\n\n\n<div data-wp-interactive=\"core\/file\" class=\"wp-block-file\"><object data-wp-bind--hidden=\"!state.hasPdfPreview\" hidden class=\"wp-block-file__embed\" data=\"https:\/\/cssst.activ.is\/martel\/wp-content\/uploads\/sites\/10\/2024\/09\/ODJ-CE-30-09-2024.pdf\" type=\"application\/pdf\" style=\"width:100%;height:600px\" aria-label=\"Contenu incorpor\u00e9 ODJ C\u00c9 30-09-2024.\"><\/object><a id=\"wp-block-file--media-f0121e5e-b45d-4a12-b859-301ea7b15a93\" href=\"https:\/\/cssst.activ.is\/martel\/wp-content\/uploads\/sites\/10\/2024\/09\/ODJ-CE-30-09-2024.pdf\">ODJ C\u00c9 30-09-2024<\/a><a href=\"https:\/\/cssst.activ.is\/martel\/wp-content\/uploads\/sites\/10\/2024\/09\/ODJ-CE-30-09-2024.pdf\" class=\"wp-block-file__button wp-element-button\" download aria-describedby=\"wp-block-file--media-f0121e5e-b45d-4a12-b859-301ea7b15a93\">T\u00e9l\u00e9charger<\/a><\/div>\n\n\n\n<h2 class=\"wp-block-heading\">Proc\u00e8s-verbaux<\/h2>\n\n\n\n<p><strong>19 juin 2024<\/strong><\/p>\n\n\n\n<div data-wp-interactive=\"core\/file\" class=\"wp-block-file\"><object data-wp-bind--hidden=\"!state.hasPdfPreview\" hidden class=\"wp-block-file__embed\" data=\"https:\/\/cssst.activ.is\/martel\/wp-content\/uploads\/sites\/10\/2024\/09\/MARTEL-PV-CE-19-juin-2024.pdf\" type=\"application\/pdf\" style=\"width:100%;height:600px\" aria-label=\"Contenu incorpor\u00e9 MARTEL - PV CE\u0301 19 juin 2024.\"><\/object><a id=\"wp-block-file--media-4030a9b7-991b-42d4-abea-7e4367bab6c6\" href=\"https:\/\/cssst.activ.is\/martel\/wp-content\/uploads\/sites\/10\/2024\/09\/MARTEL-PV-CE-19-juin-2024.pdf\">MARTEL &#8211; PV CE\u0301 19 juin 2024<\/a><a href=\"https:\/\/cssst.activ.is\/martel\/wp-content\/uploads\/sites\/10\/2024\/09\/MARTEL-PV-CE-19-juin-2024.pdf\" class=\"wp-block-file__button wp-element-button\" download aria-describedby=\"wp-block-file--media-4030a9b7-991b-42d4-abea-7e4367bab6c6\">T\u00e9l\u00e9charger<\/a><\/div>\n","protected":false},"excerpt":{"rendered":"<p>Pr\u00e9sidente du conseil d&rsquo;\u00e9tablissement Dates des prochaines rencontres 30 septembre 2024 Proc\u00e8s-verbaux 19 juin 2024<\/p>\n","protected":false},"author":1,"featured_media":0,"parent":186,"menu_order":2,"comment_status":"closed","ping_status":"closed","template":"","meta":{"_acf_changed":false,"inline_featured_image":false,"footnotes":""},"class_list":["post-9","page","type-page","status-publish","hentry"],"acf":[],"yoast_head":"<!-- This site is optimized with the Yoast SEO plugin v27.6 - https:\/\/yoast.com\/product\/yoast-seo-wordpress\/ -->\n<title>Conseil d&#039;\u00e9tablissement - \u00c9cole Martel<\/title>\n<meta name=\"robots\" content=\"index, follow, max-snippet:-1, max-image-preview:large, max-video-preview:-1\" \/>\n<link rel=\"canonical\" href=\"https:\/\/cssst.activ.is\/martel\/ecole\/comites\/conseil-detablissement\/\" \/>\n<meta property=\"og:locale\" content=\"fr_CA\" \/>\n<meta property=\"og:type\" content=\"article\" \/>\n<meta property=\"og:title\" content=\"Conseil d&#039;\u00e9tablissement - \u00c9cole Martel\" \/>\n<meta property=\"og:description\" content=\"Pr\u00e9sidente du conseil d&rsquo;\u00e9tablissement Dates des prochaines rencontres 30 septembre 2024 Proc\u00e8s-verbaux 19 juin 2024\" \/>\n<meta property=\"og:url\" content=\"https:\/\/cssst.activ.is\/martel\/ecole\/comites\/conseil-detablissement\/\" \/>\n<meta property=\"og:site_name\" content=\"\u00c9cole Martel\" \/>\n<meta property=\"article:publisher\" content=\"https:\/\/www.facebook.com\/profile.php?id=100084885317196\" \/>\n<meta property=\"article:modified_time\" content=\"2024-09-23T17:31:03+00:00\" \/>\n<meta name=\"twitter:card\" content=\"summary_large_image\" \/>\n<script type=\"application\/ld+json\" class=\"yoast-schema-graph\">{\"@context\":\"https:\\\/\\\/schema.org\",\"@graph\":[{\"@type\":\"WebPage\",\"@id\":\"https:\\\/\\\/cssst.activ.is\\\/martel\\\/ecole\\\/comites\\\/conseil-detablissement\\\/\",\"url\":\"https:\\\/\\\/cssst.activ.is\\\/martel\\\/ecole\\\/comites\\\/conseil-detablissement\\\/\",\"name\":\"Conseil d'\u00e9tablissement - \u00c9cole Martel\",\"isPartOf\":{\"@id\":\"https:\\\/\\\/cssst.activ.is\\\/martel\\\/#website\"},\"datePublished\":\"2023-02-02T14:37:06+00:00\",\"dateModified\":\"2024-09-23T17:31:03+00:00\",\"breadcrumb\":{\"@id\":\"https:\\\/\\\/cssst.activ.is\\\/martel\\\/ecole\\\/comites\\\/conseil-detablissement\\\/#breadcrumb\"},\"inLanguage\":\"fr-CA\",\"potentialAction\":[{\"@type\":\"ReadAction\",\"target\":[\"https:\\\/\\\/cssst.activ.is\\\/martel\\\/ecole\\\/comites\\\/conseil-detablissement\\\/\"]}]},{\"@type\":\"BreadcrumbList\",\"@id\":\"https:\\\/\\\/cssst.activ.is\\\/martel\\\/ecole\\\/comites\\\/conseil-detablissement\\\/#breadcrumb\",\"itemListElement\":[{\"@type\":\"ListItem\",\"position\":1,\"name\":\"Accueil\",\"item\":\"https:\\\/\\\/cssst.activ.is\\\/martel\\\/\"},{\"@type\":\"ListItem\",\"position\":2,\"name\":\"\u00c9cole\",\"item\":\"https:\\\/\\\/cssst.activ.is\\\/martel\\\/ecole\\\/\"},{\"@type\":\"ListItem\",\"position\":3,\"name\":\"Comit\u00e9s\",\"item\":\"https:\\\/\\\/cssst.activ.is\\\/martel\\\/ecole\\\/comites\\\/\"},{\"@type\":\"ListItem\",\"position\":4,\"name\":\"Conseil d&rsquo;\u00e9tablissement\"}]},{\"@type\":\"WebSite\",\"@id\":\"https:\\\/\\\/cssst.activ.is\\\/martel\\\/#website\",\"url\":\"https:\\\/\\\/cssst.activ.is\\\/martel\\\/\",\"name\":\"\u00c9cole Martel\",\"description\":\"\",\"potentialAction\":[{\"@type\":\"SearchAction\",\"target\":{\"@type\":\"EntryPoint\",\"urlTemplate\":\"https:\\\/\\\/cssst.activ.is\\\/martel\\\/?s={search_term_string}\"},\"query-input\":{\"@type\":\"PropertyValueSpecification\",\"valueRequired\":true,\"valueName\":\"search_term_string\"}}],\"inLanguage\":\"fr-CA\"}]}<\/script>\n<!-- \/ Yoast SEO plugin. -->","yoast_head_json":{"title":"Conseil d'\u00e9tablissement - \u00c9cole Martel","robots":{"index":"index","follow":"follow","max-snippet":"max-snippet:-1","max-image-preview":"max-image-preview:large","max-video-preview":"max-video-preview:-1"},"canonical":"https:\/\/cssst.activ.is\/martel\/ecole\/comites\/conseil-detablissement\/","og_locale":"fr_CA","og_type":"article","og_title":"Conseil d'\u00e9tablissement - \u00c9cole Martel","og_description":"Pr\u00e9sidente du conseil d&rsquo;\u00e9tablissement Dates des prochaines rencontres 30 septembre 2024 Proc\u00e8s-verbaux 19 juin 2024","og_url":"https:\/\/cssst.activ.is\/martel\/ecole\/comites\/conseil-detablissement\/","og_site_name":"\u00c9cole Martel","article_publisher":"https:\/\/www.facebook.com\/profile.php?id=100084885317196","article_modified_time":"2024-09-23T17:31:03+00:00","twitter_card":"summary_large_image","schema":{"@context":"https:\/\/schema.org","@graph":[{"@type":"WebPage","@id":"https:\/\/cssst.activ.is\/martel\/ecole\/comites\/conseil-detablissement\/","url":"https:\/\/cssst.activ.is\/martel\/ecole\/comites\/conseil-detablissement\/","name":"Conseil d'\u00e9tablissement - \u00c9cole Martel","isPartOf":{"@id":"https:\/\/cssst.activ.is\/martel\/#website"},"datePublished":"2023-02-02T14:37:06+00:00","dateModified":"2024-09-23T17:31:03+00:00","breadcrumb":{"@id":"https:\/\/cssst.activ.is\/martel\/ecole\/comites\/conseil-detablissement\/#breadcrumb"},"inLanguage":"fr-CA","potentialAction":[{"@type":"ReadAction","target":["https:\/\/cssst.activ.is\/martel\/ecole\/comites\/conseil-detablissement\/"]}]},{"@type":"BreadcrumbList","@id":"https:\/\/cssst.activ.is\/martel\/ecole\/comites\/conseil-detablissement\/#breadcrumb","itemListElement":[{"@type":"ListItem","position":1,"name":"Accueil","item":"https:\/\/cssst.activ.is\/martel\/"},{"@type":"ListItem","position":2,"name":"\u00c9cole","item":"https:\/\/cssst.activ.is\/martel\/ecole\/"},{"@type":"ListItem","position":3,"name":"Comit\u00e9s","item":"https:\/\/cssst.activ.is\/martel\/ecole\/comites\/"},{"@type":"ListItem","position":4,"name":"Conseil d&rsquo;\u00e9tablissement"}]},{"@type":"WebSite","@id":"https:\/\/cssst.activ.is\/martel\/#website","url":"https:\/\/cssst.activ.is\/martel\/","name":"\u00c9cole Martel","description":"","potentialAction":[{"@type":"SearchAction","target":{"@type":"EntryPoint","urlTemplate":"https:\/\/cssst.activ.is\/martel\/?s={search_term_string}"},"query-input":{"@type":"PropertyValueSpecification","valueRequired":true,"valueName":"search_term_string"}}],"inLanguage":"fr-CA"}]}},"_links":{"self":[{"href":"https:\/\/cssst.activ.is\/martel\/wp-json\/wp\/v2\/pages\/9","targetHints":{"allow":["GET"]}}],"collection":[{"href":"https:\/\/cssst.activ.is\/martel\/wp-json\/wp\/v2\/pages"}],"about":[{"href":"https:\/\/cssst.activ.is\/martel\/wp-json\/wp\/v2\/types\/page"}],"author":[{"embeddable":true,"href":"https:\/\/cssst.activ.is\/martel\/wp-json\/wp\/v2\/users\/1"}],"replies":[{"embeddable":true,"href":"https:\/\/cssst.activ.is\/martel\/wp-json\/wp\/v2\/comments?post=9"}],"version-history":[{"count":4,"href":"https:\/\/cssst.activ.is\/martel\/wp-json\/wp\/v2\/pages\/9\/revisions"}],"predecessor-version":[{"id":240,"href":"https:\/\/cssst.activ.is\/martel\/wp-json\/wp\/v2\/pages\/9\/revisions\/240"}],"up":[{"embeddable":true,"href":"https:\/\/cssst.activ.is\/martel\/wp-json\/wp\/v2\/pages\/186"}],"wp:attachment":[{"href":"https:\/\/cssst.activ.is\/martel\/wp-json\/wp\/v2\/media?parent=9"}],"curies":[{"name":"wp","href":"https:\/\/api.w.org\/{rel}","templated":true}]}}