{"id":9,"date":"2023-02-02T09:37:06","date_gmt":"2023-02-02T14:37:06","guid":{"rendered":"https:\/\/cssst.activ.is\/sainte-anne-les-iles\/ecole\/comites\/conseil-detablissement\/"},"modified":"2024-11-18T10:04:53","modified_gmt":"2024-11-18T15:04:53","slug":"conseil-detablissement","status":"publish","type":"page","link":"https:\/\/cssst.activ.is\/sainte-anne-les-iles\/ecole\/comites\/conseil-detablissement\/","title":{"rendered":"Conseil d&rsquo;\u00e9tablissement"},"content":{"rendered":"\n<h2 class=\"wp-block-heading\">Pr\u00e9sidente du conseil d&rsquo;\u00e9tablissement<\/h2>\n\n\n\n<p>Mme Genevi\u00e8ve P\u00e9loquin <\/p>\n\n\n\n<h2 class=\"wp-block-heading\">Dates des prochaines rencontres<\/h2>\n\n\n\n<ul class=\"wp-block-list\">\n<li>19 juin 2024<\/li>\n\n\n\n<li>25 septembre 2024<\/li>\n\n\n\n<li>17 octobre 2024<\/li>\n\n\n\n<li>13 novembre 2024<\/li>\n\n\n\n<li>22 janvier 2025<\/li>\n<\/ul>\n\n\n\n<div class=\"wp-block-columns\">\n<div class=\"wp-block-column\"><\/div>\n\n\n\n<div class=\"wp-block-column is-vertically-aligned-stretch\"><\/div>\n<\/div>\n\n\n\n<h2 class=\"wp-block-heading\">Proc\u00e8s-verbaux<\/h2>\n\n\n\n<div data-wp-interactive=\"core\/file\" class=\"wp-block-file\"><object data-wp-bind--hidden=\"!state.hasPdfPreview\" hidden class=\"wp-block-file__embed\" data=\"https:\/\/cssst.activ.is\/sainte-anne-les-iles\/wp-content\/uploads\/sites\/14\/2024\/11\/Proces-Verbal-du-19-juin-2024.pdf\" type=\"application\/pdf\" style=\"width:100%;height:600px\" aria-label=\"Contenu incorpor\u00e9 Proc\u00e8s-Verbal du 19 juin 2024.\"><\/object><a id=\"wp-block-file--media-ef0fbe75-87a2-476d-8a9c-6782fde18a95\" href=\"https:\/\/cssst.activ.is\/sainte-anne-les-iles\/wp-content\/uploads\/sites\/14\/2024\/11\/Proces-Verbal-du-19-juin-2024.pdf\">Proc\u00e8s-Verbal du 19 juin 2024<\/a><a href=\"https:\/\/cssst.activ.is\/sainte-anne-les-iles\/wp-content\/uploads\/sites\/14\/2024\/11\/Proces-Verbal-du-19-juin-2024.pdf\" class=\"wp-block-file__button wp-element-button\" download aria-describedby=\"wp-block-file--media-ef0fbe75-87a2-476d-8a9c-6782fde18a95\">T\u00e9l\u00e9charger<\/a><\/div>\n\n\n\n<div data-wp-interactive=\"core\/file\" class=\"wp-block-file\"><object data-wp-bind--hidden=\"!state.hasPdfPreview\" hidden class=\"wp-block-file__embed\" data=\"https:\/\/cssst.activ.is\/sainte-anne-les-iles\/wp-content\/uploads\/sites\/14\/2024\/11\/Proces-Verbal-du-25-septembre-2024.pdf\" type=\"application\/pdf\" style=\"width:100%;height:600px\" aria-label=\"Contenu incorpor\u00e9 Proc\u00e8s-Verbal du 25 septembre 2024.\"><\/object><a id=\"wp-block-file--media-cedc4e4e-b395-4e97-9269-fe0ce74ba826\" href=\"https:\/\/cssst.activ.is\/sainte-anne-les-iles\/wp-content\/uploads\/sites\/14\/2024\/11\/Proces-Verbal-du-25-septembre-2024.pdf\">Proc\u00e8s-Verbal du 25 septembre 2024<\/a><a href=\"https:\/\/cssst.activ.is\/sainte-anne-les-iles\/wp-content\/uploads\/sites\/14\/2024\/11\/Proces-Verbal-du-25-septembre-2024.pdf\" class=\"wp-block-file__button wp-element-button\" download aria-describedby=\"wp-block-file--media-cedc4e4e-b395-4e97-9269-fe0ce74ba826\">T\u00e9l\u00e9charger<\/a><\/div>\n\n\n\n<div data-wp-interactive=\"core\/file\" class=\"wp-block-file\"><object data-wp-bind--hidden=\"!state.hasPdfPreview\" hidden class=\"wp-block-file__embed\" data=\"https:\/\/cssst.activ.is\/sainte-anne-les-iles\/wp-content\/uploads\/sites\/14\/2024\/11\/PV-CE-du-17-octobre-en-Teams-2024.pdf\" type=\"application\/pdf\" style=\"width:100%;height:600px\" aria-label=\"Contenu incorpor\u00e9 PV C\u00c9 du 17 octobre en Teams 2024.\"><\/object><a id=\"wp-block-file--media-faa0623d-4923-4a11-bf5d-4bb669de6dd3\" href=\"https:\/\/cssst.activ.is\/sainte-anne-les-iles\/wp-content\/uploads\/sites\/14\/2024\/11\/PV-CE-du-17-octobre-en-Teams-2024.pdf\">PV C\u00c9 du 17 octobre en Teams 2024<\/a><a href=\"https:\/\/cssst.activ.is\/sainte-anne-les-iles\/wp-content\/uploads\/sites\/14\/2024\/11\/PV-CE-du-17-octobre-en-Teams-2024.pdf\" class=\"wp-block-file__button wp-element-button\" download aria-describedby=\"wp-block-file--media-faa0623d-4923-4a11-bf5d-4bb669de6dd3\">T\u00e9l\u00e9charger<\/a><\/div>\n\n\n\n<h2 class=\"wp-block-heading\">Avis convocation<\/h2>\n\n\n\n<div class=\"wp-block-columns\">\n<div class=\"wp-block-column\"><\/div>\n\n\n\n<div class=\"wp-block-column\"><\/div>\n<\/div>\n\n\n\n<div class=\"wp-block-columns\">\n<div class=\"wp-block-column\"><\/div>\n\n\n\n<div class=\"wp-block-column\"><\/div>\n<\/div>\n\n\n\n<div class=\"wp-block-columns\">\n<div class=\"wp-block-column\"><\/div>\n\n\n\n<div class=\"wp-block-column\"><\/div>\n<\/div>\n","protected":false},"excerpt":{"rendered":"<p>Pr\u00e9sidente du conseil d&rsquo;\u00e9tablissement Mme Genevi\u00e8ve P\u00e9loquin Dates des prochaines rencontres Proc\u00e8s-verbaux Avis convocation<\/p>\n","protected":false},"author":1,"featured_media":0,"parent":8,"menu_order":0,"comment_status":"closed","ping_status":"closed","template":"","meta":{"_acf_changed":false,"inline_featured_image":false,"footnotes":""},"class_list":["post-9","page","type-page","status-publish","hentry"],"acf":[],"yoast_head":"<!-- This site is optimized with the Yoast SEO plugin v27.6 - https:\/\/yoast.com\/product\/yoast-seo-wordpress\/ -->\n<title>Conseil d&#039;\u00e9tablissement - \u00c9cole Sainte-Anne-les-\u00celes<\/title>\n<meta name=\"robots\" content=\"noindex, follow, max-snippet:-1, max-image-preview:large, max-video-preview:-1\" \/>\n<meta property=\"og:locale\" content=\"fr_CA\" \/>\n<meta property=\"og:type\" content=\"article\" \/>\n<meta property=\"og:title\" content=\"Conseil d&#039;\u00e9tablissement - \u00c9cole Sainte-Anne-les-\u00celes\" \/>\n<meta property=\"og:description\" content=\"Pr\u00e9sidente du conseil d&rsquo;\u00e9tablissement Mme Genevi\u00e8ve P\u00e9loquin Dates des prochaines rencontres Proc\u00e8s-verbaux Avis convocation\" \/>\n<meta property=\"og:url\" content=\"https:\/\/cssst.activ.is\/sainte-anne-les-iles\/ecole\/comites\/conseil-detablissement\/\" \/>\n<meta property=\"og:site_name\" content=\"\u00c9cole Sainte-Anne-les-\u00celes\" \/>\n<meta property=\"article:publisher\" content=\"https:\/\/www.facebook.com\/ecolesainteannelesiles\" \/>\n<meta property=\"article:modified_time\" content=\"2024-11-18T15:04:53+00:00\" \/>\n<meta name=\"twitter:card\" content=\"summary_large_image\" \/>\n<meta name=\"twitter:label1\" content=\"Estimation du temps de lecture\" \/>\n\t<meta name=\"twitter:data1\" content=\"1 minute\" \/>\n<script type=\"application\/ld+json\" class=\"yoast-schema-graph\">{\"@context\":\"https:\\\/\\\/schema.org\",\"@graph\":[{\"@type\":\"WebPage\",\"@id\":\"https:\\\/\\\/cssst.activ.is\\\/sainte-anne-les-iles\\\/ecole\\\/comites\\\/conseil-detablissement\\\/\",\"url\":\"https:\\\/\\\/cssst.activ.is\\\/sainte-anne-les-iles\\\/ecole\\\/comites\\\/conseil-detablissement\\\/\",\"name\":\"Conseil d'\u00e9tablissement - \u00c9cole Sainte-Anne-les-\u00celes\",\"isPartOf\":{\"@id\":\"https:\\\/\\\/cssst.activ.is\\\/sainte-anne-les-iles\\\/#website\"},\"datePublished\":\"2023-02-02T14:37:06+00:00\",\"dateModified\":\"2024-11-18T15:04:53+00:00\",\"breadcrumb\":{\"@id\":\"https:\\\/\\\/cssst.activ.is\\\/sainte-anne-les-iles\\\/ecole\\\/comites\\\/conseil-detablissement\\\/#breadcrumb\"},\"inLanguage\":\"fr-CA\",\"potentialAction\":[{\"@type\":\"ReadAction\",\"target\":[\"https:\\\/\\\/cssst.activ.is\\\/sainte-anne-les-iles\\\/ecole\\\/comites\\\/conseil-detablissement\\\/\"]}]},{\"@type\":\"BreadcrumbList\",\"@id\":\"https:\\\/\\\/cssst.activ.is\\\/sainte-anne-les-iles\\\/ecole\\\/comites\\\/conseil-detablissement\\\/#breadcrumb\",\"itemListElement\":[{\"@type\":\"ListItem\",\"position\":1,\"name\":\"Accueil\",\"item\":\"https:\\\/\\\/cssst.activ.is\\\/sainte-anne-les-iles\\\/\"},{\"@type\":\"ListItem\",\"position\":2,\"name\":\"\u00c9cole\",\"item\":\"https:\\\/\\\/cssst.activ.is\\\/sainte-anne-les-iles\\\/ecole\\\/\"},{\"@type\":\"ListItem\",\"position\":3,\"name\":\"Comit\u00e9s\",\"item\":\"https:\\\/\\\/cssst.activ.is\\\/sainte-anne-les-iles\\\/ecole\\\/comites\\\/\"},{\"@type\":\"ListItem\",\"position\":4,\"name\":\"Conseil d&rsquo;\u00e9tablissement\"}]},{\"@type\":\"WebSite\",\"@id\":\"https:\\\/\\\/cssst.activ.is\\\/sainte-anne-les-iles\\\/#website\",\"url\":\"https:\\\/\\\/cssst.activ.is\\\/sainte-anne-les-iles\\\/\",\"name\":\"\u00c9cole Sainte-Anne-les-\u00celes\",\"description\":\"\",\"potentialAction\":[{\"@type\":\"SearchAction\",\"target\":{\"@type\":\"EntryPoint\",\"urlTemplate\":\"https:\\\/\\\/cssst.activ.is\\\/sainte-anne-les-iles\\\/?s={search_term_string}\"},\"query-input\":{\"@type\":\"PropertyValueSpecification\",\"valueRequired\":true,\"valueName\":\"search_term_string\"}}],\"inLanguage\":\"fr-CA\"}]}<\/script>\n<!-- \/ Yoast SEO plugin. -->","yoast_head_json":{"title":"Conseil d'\u00e9tablissement - \u00c9cole Sainte-Anne-les-\u00celes","robots":{"index":"noindex","follow":"follow","max-snippet":"max-snippet:-1","max-image-preview":"max-image-preview:large","max-video-preview":"max-video-preview:-1"},"og_locale":"fr_CA","og_type":"article","og_title":"Conseil d'\u00e9tablissement - \u00c9cole Sainte-Anne-les-\u00celes","og_description":"Pr\u00e9sidente du conseil d&rsquo;\u00e9tablissement Mme Genevi\u00e8ve P\u00e9loquin Dates des prochaines rencontres Proc\u00e8s-verbaux Avis convocation","og_url":"https:\/\/cssst.activ.is\/sainte-anne-les-iles\/ecole\/comites\/conseil-detablissement\/","og_site_name":"\u00c9cole Sainte-Anne-les-\u00celes","article_publisher":"https:\/\/www.facebook.com\/ecolesainteannelesiles","article_modified_time":"2024-11-18T15:04:53+00:00","twitter_card":"summary_large_image","twitter_misc":{"Estimation du temps de lecture":"1 minute"},"schema":{"@context":"https:\/\/schema.org","@graph":[{"@type":"WebPage","@id":"https:\/\/cssst.activ.is\/sainte-anne-les-iles\/ecole\/comites\/conseil-detablissement\/","url":"https:\/\/cssst.activ.is\/sainte-anne-les-iles\/ecole\/comites\/conseil-detablissement\/","name":"Conseil d'\u00e9tablissement - \u00c9cole Sainte-Anne-les-\u00celes","isPartOf":{"@id":"https:\/\/cssst.activ.is\/sainte-anne-les-iles\/#website"},"datePublished":"2023-02-02T14:37:06+00:00","dateModified":"2024-11-18T15:04:53+00:00","breadcrumb":{"@id":"https:\/\/cssst.activ.is\/sainte-anne-les-iles\/ecole\/comites\/conseil-detablissement\/#breadcrumb"},"inLanguage":"fr-CA","potentialAction":[{"@type":"ReadAction","target":["https:\/\/cssst.activ.is\/sainte-anne-les-iles\/ecole\/comites\/conseil-detablissement\/"]}]},{"@type":"BreadcrumbList","@id":"https:\/\/cssst.activ.is\/sainte-anne-les-iles\/ecole\/comites\/conseil-detablissement\/#breadcrumb","itemListElement":[{"@type":"ListItem","position":1,"name":"Accueil","item":"https:\/\/cssst.activ.is\/sainte-anne-les-iles\/"},{"@type":"ListItem","position":2,"name":"\u00c9cole","item":"https:\/\/cssst.activ.is\/sainte-anne-les-iles\/ecole\/"},{"@type":"ListItem","position":3,"name":"Comit\u00e9s","item":"https:\/\/cssst.activ.is\/sainte-anne-les-iles\/ecole\/comites\/"},{"@type":"ListItem","position":4,"name":"Conseil d&rsquo;\u00e9tablissement"}]},{"@type":"WebSite","@id":"https:\/\/cssst.activ.is\/sainte-anne-les-iles\/#website","url":"https:\/\/cssst.activ.is\/sainte-anne-les-iles\/","name":"\u00c9cole Sainte-Anne-les-\u00celes","description":"","potentialAction":[{"@type":"SearchAction","target":{"@type":"EntryPoint","urlTemplate":"https:\/\/cssst.activ.is\/sainte-anne-les-iles\/?s={search_term_string}"},"query-input":{"@type":"PropertyValueSpecification","valueRequired":true,"valueName":"search_term_string"}}],"inLanguage":"fr-CA"}]}},"_links":{"self":[{"href":"https:\/\/cssst.activ.is\/sainte-anne-les-iles\/wp-json\/wp\/v2\/pages\/9","targetHints":{"allow":["GET"]}}],"collection":[{"href":"https:\/\/cssst.activ.is\/sainte-anne-les-iles\/wp-json\/wp\/v2\/pages"}],"about":[{"href":"https:\/\/cssst.activ.is\/sainte-anne-les-iles\/wp-json\/wp\/v2\/types\/page"}],"author":[{"embeddable":true,"href":"https:\/\/cssst.activ.is\/sainte-anne-les-iles\/wp-json\/wp\/v2\/users\/1"}],"replies":[{"embeddable":true,"href":"https:\/\/cssst.activ.is\/sainte-anne-les-iles\/wp-json\/wp\/v2\/comments?post=9"}],"version-history":[{"count":13,"href":"https:\/\/cssst.activ.is\/sainte-anne-les-iles\/wp-json\/wp\/v2\/pages\/9\/revisions"}],"predecessor-version":[{"id":358,"href":"https:\/\/cssst.activ.is\/sainte-anne-les-iles\/wp-json\/wp\/v2\/pages\/9\/revisions\/358"}],"up":[{"embeddable":true,"href":"https:\/\/cssst.activ.is\/sainte-anne-les-iles\/wp-json\/wp\/v2\/pages\/8"}],"wp:attachment":[{"href":"https:\/\/cssst.activ.is\/sainte-anne-les-iles\/wp-json\/wp\/v2\/media?parent=9"}],"curies":[{"name":"wp","href":"https:\/\/api.w.org\/{rel}","templated":true}]}}